{"id":21945,"date":"2024-08-12T11:55:52","date_gmt":"2024-08-12T08:55:52","guid":{"rendered":"https:\/\/albugrport.com\/example-page\/"},"modified":"2024-08-15T20:51:08","modified_gmt":"2024-08-15T17:51:08","slug":"example-page","status":"publish","type":"page","link":"https:\/\/albugrport.com\/en\/example-page\/","title":{"rendered":"Example page"},"content":{"rendered":"\n<p>This is a sample page. It differs from a blog post because it remains fixed in a specific place and is displayed in your theme&#8217;s navigation menu (most themes support it). Many people use an About page to welcome potential visitors. It might look something like this:<\/p>\n\n<blockquote class=\"wp-block-quote is-layout-flow wp-block-quote-is-layout-flow\"><p>Hello! I am a bike messenger by day and an aspiring actor by night, and this is my website. I live in Istanbul, I have a wonderful dog named B\u0131d\u0131k and I love to drink pi\u00f1a colada. (And getting caught in the rain.)<\/p><\/blockquote>\n\n<p>&#8230;or something like that:<\/p>\n\n<blockquote class=\"wp-block-quote is-layout-flow wp-block-quote-is-layout-flow\"><p>XYZ was founded in 1971 and has been producing quality products ever since. Based in Gotham City, XYZ is a company with over 2,000 employees that strives to do the best for Gotham City.<\/p><\/blockquote>\n\n<p>As a new WordPress user, you should first create your own pages by going <a href=\"https:\/\/albugrport.com\/wp-admin\/\">to the Start screen<\/a> and deleting this page. Have fun!<\/p>\n","protected":false},"excerpt":{"rendered":"<p>This is a sample page. It differs from a blog post because it remains fixed in a specific place and<\/p>\n","protected":false},"author":1,"featured_media":0,"parent":0,"menu_order":0,"comment_status":"closed","ping_status":"closed","template":"","meta":{"rs_blank_template":"","rs_page_bg_color":"","slide_template_v7":"","footnotes":""},"class_list":["post-21945","page","type-page","status-publish","hentry"],"_links":{"self":[{"href":"https:\/\/albugrport.com\/en\/wp-json\/wp\/v2\/pages\/21945","targetHints":{"allow":["GET"]}}],"collection":[{"href":"https:\/\/albugrport.com\/en\/wp-json\/wp\/v2\/pages"}],"about":[{"href":"https:\/\/albugrport.com\/en\/wp-json\/wp\/v2\/types\/page"}],"author":[{"embeddable":true,"href":"https:\/\/albugrport.com\/en\/wp-json\/wp\/v2\/users\/1"}],"replies":[{"embeddable":true,"href":"https:\/\/albugrport.com\/en\/wp-json\/wp\/v2\/comments?post=21945"}],"version-history":[{"count":2,"href":"https:\/\/albugrport.com\/en\/wp-json\/wp\/v2\/pages\/21945\/revisions"}],"predecessor-version":[{"id":21951,"href":"https:\/\/albugrport.com\/en\/wp-json\/wp\/v2\/pages\/21945\/revisions\/21951"}],"wp:attachment":[{"href":"https:\/\/albugrport.com\/en\/wp-json\/wp\/v2\/media?parent=21945"}],"curies":[{"name":"wp","href":"https:\/\/api.w.org\/{rel}","templated":true}]}}